{"id":4935,"date":"2024-07-01T10:45:05","date_gmt":"2024-07-01T08:45:05","guid":{"rendered":"https:\/\/cenacle-gen.atelier-rmb.fr\/with-us\/"},"modified":"2024-09-23T09:56:00","modified_gmt":"2024-09-23T07:56:00","slug":"with-us","status":"publish","type":"page","link":"https:\/\/cenacle-gen.atelier-rmb.fr\/en\/with-us\/","title":{"rendered":"With Us"},"content":{"rendered":"\t\t<div data-elementor-type=\"wp-page\" data-elementor-id=\"4935\" class=\"elementor elementor-4935 elementor-409\" data-elementor-post-type=\"page\">\n\t\t\t\t<div class=\"elementor-element elementor-element-ee745f8 e-flex e-con-boxed e-con e-parent\" data-id=\"ee745f8\" data-element_type=\"container\">\n\t\t\t\t\t<div class=\"e-con-inner\">\n\t\t\t\t<div class=\"elementor-element elementor-element-5efb5c7 elementor-widget elementor-widget-heading\" data-id=\"5efb5c7\" data-element_type=\"widget\" data-widget_type=\"heading.default\">\n\t\t\t\t<div class=\"elementor-widget-container\">\n\t\t\t<h1 class=\"elementor-heading-title elementor-size-default\">With Us<\/h1>\t\t<\/div>\n\t\t\t\t<\/div>\n\t\t\t\t\t<\/div>\n\t\t\t\t<\/div>\n\t\t<div class=\"elementor-element elementor-element-fd00e8f e-flex e-con-boxed e-con e-parent\" data-id=\"fd00e8f\" data-element_type=\"container\">\n\t\t\t\t\t<div class=\"e-con-inner\">\n\t\t<div class=\"elementor-element elementor-element-39982f3 e-con-full e-flex e-con e-child\" data-id=\"39982f3\" data-element_type=\"container\">\n\t\t\t\t<div class=\"elementor-element elementor-element-23ccac5 elementor-flip-box--direction-left elementor-flip-box--effect-flip elementor-widget elementor-widget-flip-box\" data-id=\"23ccac5\" data-element_type=\"widget\" data-widget_type=\"flip-box.default\">\n\t\t\t\t<div class=\"elementor-widget-container\">\n\t\t\t\t\t<div class=\"elementor-flip-box\" tabindex=\"0\">\n\t\t\t<div class=\"elementor-flip-box__layer elementor-flip-box__front\">\n\t\t\t\t<div class=\"elementor-flip-box__layer__overlay\">\n\t\t\t\t\t<div class=\"elementor-flip-box__layer__inner\">\n\t\t\t\t\t\t\n\t\t\t\t\t\t\t\t\t\t\t\t\t<h3 class=\"elementor-flip-box__layer__title\">\n\t\t\t\t\t\t\t\tConsecrated laywomen\t\t\t\t\t\t\t<\/h3>\n\t\t\t\t\t\t\n\t\t\t\t\t\t\t\t\t\t\t<\/div>\n\t\t\t\t<\/div>\n\t\t\t<\/div>\n\t\t\t<div class=\"elementor-flip-box__layer elementor-flip-box__back\">\n\t\t\t<div class=\"elementor-flip-box__layer__overlay\">\n\t\t\t\t<div class=\"elementor-flip-box__layer__inner\">\n\t\t\t\t\t\t\t\t\t\t\t<h3 class=\"elementor-flip-box__layer__title\">\n\t\t\t\t\t\t\tConsecrated laywomen\t\t\t\t\t\t<\/h3>\n\t\t\t\t\t\n\t\t\t\t\t\t\t\t\t\t\t<div class=\"elementor-flip-box__layer__description\">\n\t\t\t\t\t\t\tWomen fully integrated into a professional environment, they make a total gift of themselves through vows recognized by the Church and received by the Congregation of Our Lady of the Cenacle to which they are affiliated.<br>They live their mission in the Church and in the world according to the spirituality of the Congregation, seeking to transform the world from within. <br>They do not live in community but meet regularly as a group to share and support each other in their journey of faith and consecration.<br><br>\n\nCONTACT<br>\nUSA: ml.reimer@att.net<br>\nEurope-Madagascar: contactgndc@orange.fr\t\t\t\t\t\t<\/div>\n\t\t\t\t\t\n\t\t\t\t\t\t\t\t<\/div>\n\t\t<\/div>\n\t\t<\/div>\n\t\t<\/div>\n\t\t\t\t<\/div>\n\t\t\t\t<\/div>\n\t\t\t\t<\/div>\n\t\t<div class=\"elementor-element elementor-element-90c36aa e-con-full e-flex e-con e-child\" data-id=\"90c36aa\" data-element_type=\"container\">\n\t\t\t\t<div class=\"elementor-element elementor-element-5e97be8 elementor-flip-box--direction-left elementor-flip-box--effect-flip elementor-widget elementor-widget-flip-box\" data-id=\"5e97be8\" data-element_type=\"widget\" data-widget_type=\"flip-box.default\">\n\t\t\t\t<div class=\"elementor-widget-container\">\n\t\t\t\t\t<div class=\"elementor-flip-box\" tabindex=\"0\">\n\t\t\t<div class=\"elementor-flip-box__layer elementor-flip-box__front\">\n\t\t\t\t<div class=\"elementor-flip-box__layer__overlay\">\n\t\t\t\t\t<div class=\"elementor-flip-box__layer__inner\">\n\t\t\t\t\t\t\n\t\t\t\t\t\t\t\t\t\t\t\t\t<h3 class=\"elementor-flip-box__layer__title\">\n\t\t\t\t\t\t\t\tLay people\t\t\t\t\t\t\t<\/h3>\n\t\t\t\t\t\t\n\t\t\t\t\t\t\t\t\t\t\t<\/div>\n\t\t\t\t<\/div>\n\t\t\t<\/div>\n\t\t\t<div class=\"elementor-flip-box__layer elementor-flip-box__back\">\n\t\t\t<div class=\"elementor-flip-box__layer__overlay\">\n\t\t\t\t<div class=\"elementor-flip-box__layer__inner\">\n\t\t\t\t\t\t\t\t\t\t\t<h3 class=\"elementor-flip-box__layer__title\">\n\t\t\t\t\t\t\tLay people\t\t\t\t\t\t<\/h3>\n\t\t\t\t\t\n\t\t\t\t\t\t\t\t\t\t\t<div class=\"elementor-flip-box__layer__description\">\n\t\t\t\t\t\t\tMen and women, single or married, the spirituality of the Cenacle helps them to fulfill their baptismal commitment in their family, their work and in their friendships.<br>They seek to live under the guidance of the Holy Spirit by putting prayer at the center of their lives. <br>In keeping with the mission of the Cenacle, they are witnesses to the Gospel and strive to make Jesus known and loved.  \t\t\t\t\t\t<\/div>\n\t\t\t\t\t\n\t\t\t\t\t\t\t\t<\/div>\n\t\t<\/div>\n\t\t<\/div>\n\t\t<\/div>\n\t\t\t\t<\/div>\n\t\t\t\t<\/div>\n\t\t\t\t<\/div>\n\t\t\t\t\t<\/div>\n\t\t\t\t<\/div>\n\t\t<div class=\"elementor-element elementor-element-f7240e9 e-flex e-con-boxed e-con e-parent\" data-id=\"f7240e9\" data-element_type=\"container\">\n\t\t\t\t\t<div class=\"e-con-inner\">\n\t\t\t\t<div class=\"elementor-element elementor-element-2c97b8f elementor-widget elementor-widget-gallery\" data-id=\"2c97b8f\" data-element_type=\"widget\" data-settings=\"{&quot;gallery_layout&quot;:&quot;masonry&quot;,&quot;overlay_description&quot;:&quot;caption&quot;,&quot;lazyload&quot;:&quot;yes&quot;,&quot;columns&quot;:4,&quot;columns_tablet&quot;:2,&quot;columns_mobile&quot;:1,&quot;gap&quot;:{&quot;unit&quot;:&quot;px&quot;,&quot;size&quot;:10,&quot;sizes&quot;:[]},&quot;gap_tablet&quot;:{&quot;unit&quot;:&quot;px&quot;,&quot;size&quot;:10,&quot;sizes&quot;:[]},&quot;gap_mobile&quot;:{&quot;unit&quot;:&quot;px&quot;,&quot;size&quot;:10,&quot;sizes&quot;:[]},&quot;link_to&quot;:&quot;file&quot;,&quot;overlay_background&quot;:&quot;yes&quot;,&quot;content_hover_animation&quot;:&quot;fade-in&quot;}\" data-widget_type=\"gallery.default\">\n\t\t\t\t<div class=\"elementor-widget-container\">\n\t\t\t\t\t<div class=\"elementor-gallery__container\">\n\t\t\t\t\t\t\t<a class=\"e-gallery-item elementor-gallery-item elementor-animated-content\" href=\"https:\/\/cenacle-gen.atelier-rmb.fr\/wp-content\/uploads\/2024\/09\/Brasil.jpg\" data-elementor-open-lightbox=\"yes\" data-elementor-lightbox-slideshow=\"2c97b8f\" data-e-action-hash=\"#elementor-action%3Aaction%3Dlightbox%26settings%3DeyJpZCI6NDgxMywidXJsIjoiaHR0cHM6XC9cL2NlbmFjbGUtZ2VuLmF0ZWxpZXItcm1iLmZyXC93cC1jb250ZW50XC91cGxvYWRzXC8yMDI0XC8wOVwvQnJhc2lsLmpwZyIsInNsaWRlc2hvdyI6IjJjOTdiOGYifQ%3D%3D\">\n\t\t\t\t\t<div class=\"e-gallery-image elementor-gallery-item__image\" data-thumbnail=\"https:\/\/cenacle-gen.atelier-rmb.fr\/wp-content\/uploads\/2024\/09\/Brasil-300x135.jpg\" data-width=\"300\" data-height=\"135\" aria-label=\"\" role=\"img\" ><\/div>\n\t\t\t\t\t\t\t\t\t\t\t<div class=\"elementor-gallery-item__overlay\"><\/div>\n\t\t\t\t\t\t\t\t\t\t\t\t\t\t\t<div class=\"elementor-gallery-item__content\">\n\t\t\t\t\t\t\t\t\t\t\t\t\t\t<div class=\"elementor-gallery-item__description\">\n\t\t\t\t\t\t\t\t\t\t\t\t\t\t\t\t\t\tFraternit\u00e9 du Br\u00e9sil\t\t\t\t\t\t\t\t<\/div>\n\t\t\t\t\t\t\t\t\t\t\t\t<\/div>\n\t\t\t\t\t\t\t\t\t<\/a>\n\t\t\t\t\t\t\t<a class=\"e-gallery-item elementor-gallery-item elementor-animated-content\" href=\"https:\/\/cenacle-gen.atelier-rmb.fr\/wp-content\/uploads\/2024\/08\/Untitled-1.jpg\" data-elementor-open-lightbox=\"yes\" data-elementor-lightbox-slideshow=\"2c97b8f\" data-e-action-hash=\"#elementor-action%3Aaction%3Dlightbox%26settings%3DeyJpZCI6NDc2NSwidXJsIjoiaHR0cHM6XC9cL2NlbmFjbGUtZ2VuLmF0ZWxpZXItcm1iLmZyXC93cC1jb250ZW50XC91cGxvYWRzXC8yMDI0XC8wOFwvVW50aXRsZWQtMS5qcGciLCJzbGlkZXNob3ciOiIyYzk3YjhmIn0%3D\">\n\t\t\t\t\t<div class=\"e-gallery-image elementor-gallery-item__image\" data-thumbnail=\"https:\/\/cenacle-gen.atelier-rmb.fr\/wp-content\/uploads\/2024\/08\/Untitled-1-300x233.jpg\" data-width=\"300\" data-height=\"233\" aria-label=\"\" role=\"img\" ><\/div>\n\t\t\t\t\t\t\t\t\t\t\t<div class=\"elementor-gallery-item__overlay\"><\/div>\n\t\t\t\t\t\t\t\t\t\t\t\t\t\t\t<div class=\"elementor-gallery-item__content\">\n\t\t\t\t\t\t\t\t\t\t\t\t\t\t<div class=\"elementor-gallery-item__description\">\n\t\t\t\t\t\t\t\t\t\t\t\t\t\t\t\t\t\tGroupe de Madagascar\t\t\t\t\t\t\t\t<\/div>\n\t\t\t\t\t\t\t\t\t\t\t\t<\/div>\n\t\t\t\t\t\t\t\t\t<\/a>\n\t\t\t\t\t\t\t<a class=\"e-gallery-item elementor-gallery-item elementor-animated-content\" href=\"https:\/\/cenacle-gen.atelier-rmb.fr\/wp-content\/uploads\/2024\/08\/Asia-US-aux-1.jpg\" data-elementor-open-lightbox=\"yes\" data-elementor-lightbox-slideshow=\"2c97b8f\" data-e-action-hash=\"#elementor-action%3Aaction%3Dlightbox%26settings%3DeyJpZCI6NDc2MCwidXJsIjoiaHR0cHM6XC9cL2NlbmFjbGUtZ2VuLmF0ZWxpZXItcm1iLmZyXC93cC1jb250ZW50XC91cGxvYWRzXC8yMDI0XC8wOFwvQXNpYS1VUy1hdXgtMS5qcGciLCJzbGlkZXNob3ciOiIyYzk3YjhmIn0%3D\">\n\t\t\t\t\t<div class=\"e-gallery-image elementor-gallery-item__image\" data-thumbnail=\"https:\/\/cenacle-gen.atelier-rmb.fr\/wp-content\/uploads\/2024\/08\/Asia-US-aux-1-300x218.jpg\" data-width=\"300\" data-height=\"218\" aria-label=\"\" role=\"img\" ><\/div>\n\t\t\t\t\t\t\t\t\t\t\t<div class=\"elementor-gallery-item__overlay\"><\/div>\n\t\t\t\t\t\t\t\t\t\t\t\t\t\t\t<div class=\"elementor-gallery-item__content\">\n\t\t\t\t\t\t\t\t\t\t\t\t\t\t<div class=\"elementor-gallery-item__description\">\n\t\t\t\t\t\t\t\t\t\t\t\t\t\t\t\t\t\tAuxiliaires d'Asie et des \u00c9tats-Unis\t\t\t\t\t\t\t\t<\/div>\n\t\t\t\t\t\t\t\t\t\t\t\t<\/div>\n\t\t\t\t\t\t\t\t\t<\/a>\n\t\t\t\t\t\t\t<a class=\"e-gallery-item elementor-gallery-item elementor-animated-content\" href=\"https:\/\/cenacle-gen.atelier-rmb.fr\/wp-content\/uploads\/2024\/08\/BR-1.jpg\" data-elementor-open-lightbox=\"yes\" data-elementor-lightbox-slideshow=\"2c97b8f\" data-e-action-hash=\"#elementor-action%3Aaction%3Dlightbox%26settings%3DeyJpZCI6NDc2MywidXJsIjoiaHR0cHM6XC9cL2NlbmFjbGUtZ2VuLmF0ZWxpZXItcm1iLmZyXC93cC1jb250ZW50XC91cGxvYWRzXC8yMDI0XC8wOFwvQlItMS5qcGciLCJzbGlkZXNob3ciOiIyYzk3YjhmIn0%3D\">\n\t\t\t\t\t<div class=\"e-gallery-image elementor-gallery-item__image\" data-thumbnail=\"https:\/\/cenacle-gen.atelier-rmb.fr\/wp-content\/uploads\/2024\/08\/BR-1-300x188.jpg\" data-width=\"300\" data-height=\"188\" aria-label=\"\" role=\"img\" ><\/div>\n\t\t\t\t\t\t\t\t\t\t\t<div class=\"elementor-gallery-item__overlay\"><\/div>\n\t\t\t\t\t\t\t\t\t\t\t\t\t\t\t<div class=\"elementor-gallery-item__content\">\n\t\t\t\t\t\t\t\t\t\t\t\t\t\t<div class=\"elementor-gallery-item__description\">\n\t\t\t\t\t\t\t\t\t\t\t\t\t\t\t\t\t\tFraternit\u00e9 du Br\u00e9sil\t\t\t\t\t\t\t\t<\/div>\n\t\t\t\t\t\t\t\t\t\t\t\t<\/div>\n\t\t\t\t\t\t\t\t\t<\/a>\n\t\t\t\t\t\t\t<a class=\"e-gallery-item elementor-gallery-item elementor-animated-content\" href=\"https:\/\/cenacle-gen.atelier-rmb.fr\/wp-content\/uploads\/2024\/09\/Frat-Aust_r.jpg\" data-elementor-open-lightbox=\"yes\" data-elementor-lightbox-slideshow=\"2c97b8f\" data-e-action-hash=\"#elementor-action%3Aaction%3Dlightbox%26settings%3DeyJpZCI6NDgxNiwidXJsIjoiaHR0cHM6XC9cL2NlbmFjbGUtZ2VuLmF0ZWxpZXItcm1iLmZyXC93cC1jb250ZW50XC91cGxvYWRzXC8yMDI0XC8wOVwvRnJhdC1BdXN0X3IuanBnIiwic2xpZGVzaG93IjoiMmM5N2I4ZiJ9\">\n\t\t\t\t\t<div class=\"e-gallery-image elementor-gallery-item__image\" data-thumbnail=\"https:\/\/cenacle-gen.atelier-rmb.fr\/wp-content\/uploads\/2024\/09\/Frat-Aust_r-300x129.jpg\" data-width=\"300\" data-height=\"129\" aria-label=\"\" role=\"img\" ><\/div>\n\t\t\t\t\t\t\t\t\t\t\t<div class=\"elementor-gallery-item__overlay\"><\/div>\n\t\t\t\t\t\t\t\t\t\t\t\t\t\t\t<div class=\"elementor-gallery-item__content\">\n\t\t\t\t\t\t\t\t\t\t\t\t\t\t<div class=\"elementor-gallery-item__description\">\n\t\t\t\t\t\t\t\t\t\t\t\t\t\t\t\t\t\tFraternit\u00e9 en Australie\t\t\t\t\t\t\t\t<\/div>\n\t\t\t\t\t\t\t\t\t\t\t\t<\/div>\n\t\t\t\t\t\t\t\t\t<\/a>\n\t\t\t\t\t\t\t<a class=\"e-gallery-item elementor-gallery-item elementor-animated-content\" href=\"https:\/\/cenacle-gen.atelier-rmb.fr\/wp-content\/uploads\/2024\/09\/Nova-Zelandia.jpg\" data-elementor-open-lightbox=\"yes\" data-elementor-lightbox-slideshow=\"2c97b8f\" data-e-action-hash=\"#elementor-action%3Aaction%3Dlightbox%26settings%3DeyJpZCI6NDgxNCwidXJsIjoiaHR0cHM6XC9cL2NlbmFjbGUtZ2VuLmF0ZWxpZXItcm1iLmZyXC93cC1jb250ZW50XC91cGxvYWRzXC8yMDI0XC8wOVwvTm92YS1aZWxhbmRpYS5qcGciLCJzbGlkZXNob3ciOiIyYzk3YjhmIn0%3D\">\n\t\t\t\t\t<div class=\"e-gallery-image elementor-gallery-item__image\" data-thumbnail=\"https:\/\/cenacle-gen.atelier-rmb.fr\/wp-content\/uploads\/2024\/09\/Nova-Zelandia-300x225.jpg\" data-width=\"300\" data-height=\"225\" aria-label=\"\" role=\"img\" ><\/div>\n\t\t\t\t\t\t\t\t\t\t\t<div class=\"elementor-gallery-item__overlay\"><\/div>\n\t\t\t\t\t\t\t\t\t\t\t\t\t\t\t<div class=\"elementor-gallery-item__content\">\n\t\t\t\t\t\t\t\t\t\t\t\t\t\t<div class=\"elementor-gallery-item__description\">\n\t\t\t\t\t\t\t\t\t\t\t\t\t\t\t\t\t\tEn Nouvelle-Z\u00e9lande, Famille du C\u00e9nacle avec nos S\u0153urs\t\t\t\t\t\t\t\t<\/div>\n\t\t\t\t\t\t\t\t\t\t\t\t<\/div>\n\t\t\t\t\t\t\t\t\t<\/a>\n\t\t\t\t\t\t\t<a class=\"e-gallery-item elementor-gallery-item elementor-animated-content\" href=\"https:\/\/cenacle-gen.atelier-rmb.fr\/wp-content\/uploads\/2024\/08\/AVEC-NS_consacrees_redim.jpg\" data-elementor-open-lightbox=\"yes\" data-elementor-lightbox-slideshow=\"2c97b8f\" data-e-action-hash=\"#elementor-action%3Aaction%3Dlightbox%26settings%3DeyJpZCI6NDc1NywidXJsIjoiaHR0cHM6XC9cL2NlbmFjbGUtZ2VuLmF0ZWxpZXItcm1iLmZyXC93cC1jb250ZW50XC91cGxvYWRzXC8yMDI0XC8wOFwvQVZFQy1OU19jb25zYWNyZWVzX3JlZGltLmpwZyIsInNsaWRlc2hvdyI6IjJjOTdiOGYifQ%3D%3D\">\n\t\t\t\t\t<div class=\"e-gallery-image elementor-gallery-item__image\" data-thumbnail=\"https:\/\/cenacle-gen.atelier-rmb.fr\/wp-content\/uploads\/2024\/08\/AVEC-NS_consacrees_redim-237x300.jpg\" data-width=\"237\" data-height=\"300\" aria-label=\"\" role=\"img\" ><\/div>\n\t\t\t\t\t\t\t\t\t\t\t<div class=\"elementor-gallery-item__overlay\"><\/div>\n\t\t\t\t\t\t\t\t\t\t\t\t\t\t\t<div class=\"elementor-gallery-item__content\">\n\t\t\t\t\t\t\t\t\t\t\t\t\t\t<div class=\"elementor-gallery-item__description\">\n\t\t\t\t\t\t\t\t\t\t\t\t\t\t\t\t\t\tAssembl\u00e9e des la\u00efques consacr\u00e9es du C\u00e9nacle\t\t\t\t\t\t\t\t<\/div>\n\t\t\t\t\t\t\t\t\t\t\t\t<\/div>\n\t\t\t\t\t\t\t\t\t<\/a>\n\t\t\t\t\t\t\t<a class=\"e-gallery-item elementor-gallery-item elementor-animated-content\" href=\"https:\/\/cenacle-gen.atelier-rmb.fr\/wp-content\/uploads\/2024\/08\/Untitled2-1.jpg\" data-elementor-open-lightbox=\"yes\" data-elementor-lightbox-slideshow=\"2c97b8f\" data-e-action-hash=\"#elementor-action%3Aaction%3Dlightbox%26settings%3DeyJpZCI6NDc2NiwidXJsIjoiaHR0cHM6XC9cL2NlbmFjbGUtZ2VuLmF0ZWxpZXItcm1iLmZyXC93cC1jb250ZW50XC91cGxvYWRzXC8yMDI0XC8wOFwvVW50aXRsZWQyLTEuanBnIiwic2xpZGVzaG93IjoiMmM5N2I4ZiJ9\">\n\t\t\t\t\t<div class=\"e-gallery-image elementor-gallery-item__image\" data-thumbnail=\"https:\/\/cenacle-gen.atelier-rmb.fr\/wp-content\/uploads\/2024\/08\/Untitled2-1-300x163.jpg\" data-width=\"300\" data-height=\"163\" aria-label=\"\" role=\"img\" ><\/div>\n\t\t\t\t\t\t\t\t\t\t\t<div class=\"elementor-gallery-item__overlay\"><\/div>\n\t\t\t\t\t\t\t\t\t\t\t\t\t\t\t<div class=\"elementor-gallery-item__content\">\n\t\t\t\t\t\t\t\t\t\t\t\t\t\t<div class=\"elementor-gallery-item__description\">\n\t\t\t\t\t\t\t\t\t\t\t\t\t\t\t\t\t\tGroupe de la Fraternit\u00e9 de Madagascar\t\t\t\t\t\t\t\t<\/div>\n\t\t\t\t\t\t\t\t\t\t\t\t<\/div>\n\t\t\t\t\t\t\t\t\t<\/a>\n\t\t\t\t\t\t\t<a class=\"e-gallery-item elementor-gallery-item elementor-animated-content\" href=\"https:\/\/cenacle-gen.atelier-rmb.fr\/wp-content\/uploads\/2024\/09\/2024-05-19_Fraternite-Benin_engagements_1-1.jpg\" data-elementor-open-lightbox=\"yes\" data-elementor-lightbox-slideshow=\"2c97b8f\" data-e-action-hash=\"#elementor-action%3Aaction%3Dlightbox%26settings%3DeyJpZCI6NDgzNSwidXJsIjoiaHR0cHM6XC9cL2NlbmFjbGUtZ2VuLmF0ZWxpZXItcm1iLmZyXC93cC1jb250ZW50XC91cGxvYWRzXC8yMDI0XC8wOVwvMjAyNC0wNS0xOV9GcmF0ZXJuaXRlLUJlbmluX2VuZ2FnZW1lbnRzXzEtMS5qcGciLCJzbGlkZXNob3ciOiIyYzk3YjhmIn0%3D\">\n\t\t\t\t\t<div class=\"e-gallery-image elementor-gallery-item__image\" data-thumbnail=\"https:\/\/cenacle-gen.atelier-rmb.fr\/wp-content\/uploads\/2024\/09\/2024-05-19_Fraternite-Benin_engagements_1-1-300x225.jpg\" data-width=\"300\" data-height=\"225\" aria-label=\"\" role=\"img\" ><\/div>\n\t\t\t\t\t\t\t\t\t\t\t<div class=\"elementor-gallery-item__overlay\"><\/div>\n\t\t\t\t\t\t\t\t\t\t\t\t\t\t\t<div class=\"elementor-gallery-item__content\">\n\t\t\t\t\t\t\t\t\t\t\t\t\t\t<div class=\"elementor-gallery-item__description\">\n\t\t\t\t\t\t\t\t\t\t\t\t\t\t\t\t\t\tFraternit\u00e9 du B\u00e9nin avec nos S\u0153urs dans la maison de Vogan (Togo)\t\t\t\t\t\t\t\t<\/div>\n\t\t\t\t\t\t\t\t\t\t\t\t<\/div>\n\t\t\t\t\t\t\t\t\t<\/a>\n\t\t\t\t\t\t\t<a class=\"e-gallery-item elementor-gallery-item elementor-animated-content\" href=\"https:\/\/cenacle-gen.atelier-rmb.fr\/wp-content\/uploads\/2024\/08\/ambanja-MTh-1.jpg\" data-elementor-open-lightbox=\"yes\" data-elementor-lightbox-slideshow=\"2c97b8f\" data-e-action-hash=\"#elementor-action%3Aaction%3Dlightbox%26settings%3DeyJpZCI6NDc1OSwidXJsIjoiaHR0cHM6XC9cL2NlbmFjbGUtZ2VuLmF0ZWxpZXItcm1iLmZyXC93cC1jb250ZW50XC91cGxvYWRzXC8yMDI0XC8wOFwvYW1iYW5qYS1NVGgtMS5qcGciLCJzbGlkZXNob3ciOiIyYzk3YjhmIn0%3D\">\n\t\t\t\t\t<div class=\"e-gallery-image elementor-gallery-item__image\" data-thumbnail=\"https:\/\/cenacle-gen.atelier-rmb.fr\/wp-content\/uploads\/2024\/08\/ambanja-MTh-1-300x225.jpg\" data-width=\"300\" data-height=\"225\" aria-label=\"\" role=\"img\" ><\/div>\n\t\t\t\t\t\t\t\t\t\t\t<div class=\"elementor-gallery-item__overlay\"><\/div>\n\t\t\t\t\t\t\t\t\t\t\t\t\t\t\t<div class=\"elementor-gallery-item__content\">\n\t\t\t\t\t\t\t\t\t\t\t\t\t\t<div class=\"elementor-gallery-item__description\">\n\t\t\t\t\t\t\t\t\t\t\t\t\t\t\t\t\t\tFraternit\u00e9 \u00e0 Ambanja (Madagascar)\t\t\t\t\t\t\t\t<\/div>\n\t\t\t\t\t\t\t\t\t\t\t\t<\/div>\n\t\t\t\t\t\t\t\t\t<\/a>\n\t\t\t\t\t\t\t<a class=\"e-gallery-item elementor-gallery-item elementor-animated-content\" href=\"https:\/\/cenacle-gen.atelier-rmb.fr\/wp-content\/uploads\/2024\/09\/NZ-Companions_IMG_0591.jpg\" data-elementor-open-lightbox=\"yes\" data-elementor-lightbox-slideshow=\"2c97b8f\" data-e-action-hash=\"#elementor-action%3Aaction%3Dlightbox%26settings%3DeyJpZCI6NDgxNywidXJsIjoiaHR0cHM6XC9cL2NlbmFjbGUtZ2VuLmF0ZWxpZXItcm1iLmZyXC93cC1jb250ZW50XC91cGxvYWRzXC8yMDI0XC8wOVwvTlotQ29tcGFuaW9uc19JTUdfMDU5MS5qcGciLCJzbGlkZXNob3ciOiIyYzk3YjhmIn0%3D\">\n\t\t\t\t\t<div class=\"e-gallery-image elementor-gallery-item__image\" data-thumbnail=\"https:\/\/cenacle-gen.atelier-rmb.fr\/wp-content\/uploads\/2024\/09\/NZ-Companions_IMG_0591-300x225.jpg\" data-width=\"300\" data-height=\"225\" aria-label=\"\" role=\"img\" ><\/div>\n\t\t\t\t\t\t\t\t\t\t\t<div class=\"elementor-gallery-item__overlay\"><\/div>\n\t\t\t\t\t\t\t\t\t\t\t\t\t\t\t<div class=\"elementor-gallery-item__content\">\n\t\t\t\t\t\t\t\t\t\t\t\t\t\t<div class=\"elementor-gallery-item__description\">\n\t\t\t\t\t\t\t\t\t\t\t\t\t\t\t\t\t\tDeux Companions de Nouvelle-Z\u00e9lande\t\t\t\t\t\t\t\t<\/div>\n\t\t\t\t\t\t\t\t\t\t\t\t<\/div>\n\t\t\t\t\t\t\t\t\t<\/a>\n\t\t\t\t\t\t\t<a class=\"e-gallery-item elementor-gallery-item elementor-animated-content\" href=\"https:\/\/cenacle-gen.atelier-rmb.fr\/wp-content\/uploads\/2024\/09\/RONKY-HIGHLAND-PAK-ASSOCIATES-1715034109354.jpg\" data-elementor-open-lightbox=\"yes\" data-elementor-lightbox-slideshow=\"2c97b8f\" data-e-action-hash=\"#elementor-action%3Aaction%3Dlightbox%26settings%3DeyJpZCI6NDgxNSwidXJsIjoiaHR0cHM6XC9cL2NlbmFjbGUtZ2VuLmF0ZWxpZXItcm1iLmZyXC93cC1jb250ZW50XC91cGxvYWRzXC8yMDI0XC8wOVwvUk9OS1ktSElHSExBTkQtUEFLLUFTU09DSUFURVMtMTcxNTAzNDEwOTM1NC5qcGciLCJzbGlkZXNob3ciOiIyYzk3YjhmIn0%3D\">\n\t\t\t\t\t<div class=\"e-gallery-image elementor-gallery-item__image\" data-thumbnail=\"https:\/\/cenacle-gen.atelier-rmb.fr\/wp-content\/uploads\/2024\/09\/RONKY-HIGHLAND-PAK-ASSOCIATES-1715034109354-207x300.jpg\" data-width=\"207\" data-height=\"300\" aria-label=\"\" role=\"img\" ><\/div>\n\t\t\t\t\t\t\t\t\t\t\t<div class=\"elementor-gallery-item__overlay\"><\/div>\n\t\t\t\t\t\t\t\t\t\t\t\t\t\t\t<div class=\"elementor-gallery-item__content\">\n\t\t\t\t\t\t\t\t\t\t\t\t\t\t<div class=\"elementor-gallery-item__description\">\n\t\t\t\t\t\t\t\t\t\t\t\t\t\t\t\t\t\tAssoci\u00e9s de Ronkonkoma et Highland Park (USA)\t\t\t\t\t\t\t\t<\/div>\n\t\t\t\t\t\t\t\t\t\t\t\t<\/div>\n\t\t\t\t\t\t\t\t\t<\/a>\n\t\t\t\t\t\t\t<a class=\"e-gallery-item elementor-gallery-item elementor-animated-content\" href=\"https:\/\/cenacle-gen.atelier-rmb.fr\/wp-content\/uploads\/2024\/08\/2017-singapore-companions-and-sisters-1.jpg\" data-elementor-open-lightbox=\"yes\" data-elementor-lightbox-slideshow=\"2c97b8f\" data-e-action-hash=\"#elementor-action%3Aaction%3Dlightbox%26settings%3DeyJpZCI6NDc1OCwidXJsIjoiaHR0cHM6XC9cL2NlbmFjbGUtZ2VuLmF0ZWxpZXItcm1iLmZyXC93cC1jb250ZW50XC91cGxvYWRzXC8yMDI0XC8wOFwvMjAxNy1zaW5nYXBvcmUtY29tcGFuaW9ucy1hbmQtc2lzdGVycy0xLmpwZyIsInNsaWRlc2hvdyI6IjJjOTdiOGYifQ%3D%3D\">\n\t\t\t\t\t<div class=\"e-gallery-image elementor-gallery-item__image\" data-thumbnail=\"https:\/\/cenacle-gen.atelier-rmb.fr\/wp-content\/uploads\/2024\/08\/2017-singapore-companions-and-sisters-1-300x179.jpg\" data-width=\"300\" data-height=\"179\" aria-label=\"\" role=\"img\" ><\/div>\n\t\t\t\t\t\t\t\t\t\t\t<div class=\"elementor-gallery-item__overlay\"><\/div>\n\t\t\t\t\t\t\t\t\t\t\t\t\t\t\t<div class=\"elementor-gallery-item__content\">\n\t\t\t\t\t\t\t\t\t\t\t\t\t\t<div class=\"elementor-gallery-item__description\">\n\t\t\t\t\t\t\t\t\t\t\t\t\t\t\t\t\t\tFamille du C\u00e9nacle de Singapour (la\u00efcs)\t\t\t\t\t\t\t\t<\/div>\n\t\t\t\t\t\t\t\t\t\t\t\t<\/div>\n\t\t\t\t\t\t\t\t\t<\/a>\n\t\t\t\t\t\t\t<a class=\"e-gallery-item elementor-gallery-item elementor-animated-content\" href=\"https:\/\/cenacle-gen.atelier-rmb.fr\/wp-content\/uploads\/2024\/08\/Marseille-1.jpg\" data-elementor-open-lightbox=\"yes\" data-elementor-lightbox-slideshow=\"2c97b8f\" data-e-action-hash=\"#elementor-action%3Aaction%3Dlightbox%26settings%3DeyJpZCI6NDc2NCwidXJsIjoiaHR0cHM6XC9cL2NlbmFjbGUtZ2VuLmF0ZWxpZXItcm1iLmZyXC93cC1jb250ZW50XC91cGxvYWRzXC8yMDI0XC8wOFwvTWFyc2VpbGxlLTEuanBnIiwic2xpZGVzaG93IjoiMmM5N2I4ZiJ9\">\n\t\t\t\t\t<div class=\"e-gallery-image elementor-gallery-item__image\" data-thumbnail=\"https:\/\/cenacle-gen.atelier-rmb.fr\/wp-content\/uploads\/2024\/08\/Marseille-1-300x278.jpg\" data-width=\"300\" data-height=\"278\" aria-label=\"Marseille Fraternity\" role=\"img\" ><\/div>\n\t\t\t\t\t\t\t\t\t\t\t<div class=\"elementor-gallery-item__overlay\"><\/div>\n\t\t\t\t\t\t\t\t\t\t\t\t\t\t\t<div class=\"elementor-gallery-item__content\">\n\t\t\t\t\t\t\t\t\t\t\t\t\t\t<div class=\"elementor-gallery-item__description\">\n\t\t\t\t\t\t\t\t\t\t\t\t\t\t\t\t\t\tMarseille Fraternity\t\t\t\t\t\t\t\t<\/div>\n\t\t\t\t\t\t\t\t\t\t\t\t<\/div>\n\t\t\t\t\t\t\t\t\t<\/a>\n\t\t\t\t\t<\/div>\n\t\t\t<\/div>\n\t\t\t\t<\/div>\n\t\t\t\t\t<\/div>\n\t\t\t\t<\/div>\n\t\t\t\t<\/div>\n\t\t","protected":false},"excerpt":{"rendered":"<p>With Us Consecrated laywomen Consecrated laywomen Women fully integrated into a professional environment, they make a total gift of themselves through vows recognized by the Church and received by the Congregation of Our Lady of the Cenacle to which they are affiliated.They live their mission in the Church and in the world according to the [&hellip;]<\/p>\n","protected":false},"author":1,"featured_media":0,"parent":0,"menu_order":0,"comment_status":"closed","ping_status":"closed","template":"","meta":{"footnotes":""},"class_list":["post-4935","page","type-page","status-publish","hentry"],"_links":{"self":[{"href":"https:\/\/cenacle-gen.atelier-rmb.fr\/en\/wp-json\/wp\/v2\/pages\/4935","targetHints":{"allow":["GET"]}}],"collection":[{"href":"https:\/\/cenacle-gen.atelier-rmb.fr\/en\/wp-json\/wp\/v2\/pages"}],"about":[{"href":"https:\/\/cenacle-gen.atelier-rmb.fr\/en\/wp-json\/wp\/v2\/types\/page"}],"author":[{"embeddable":true,"href":"https:\/\/cenacle-gen.atelier-rmb.fr\/en\/wp-json\/wp\/v2\/users\/1"}],"replies":[{"embeddable":true,"href":"https:\/\/cenacle-gen.atelier-rmb.fr\/en\/wp-json\/wp\/v2\/comments?post=4935"}],"version-history":[{"count":4,"href":"https:\/\/cenacle-gen.atelier-rmb.fr\/en\/wp-json\/wp\/v2\/pages\/4935\/revisions"}],"predecessor-version":[{"id":4982,"href":"https:\/\/cenacle-gen.atelier-rmb.fr\/en\/wp-json\/wp\/v2\/pages\/4935\/revisions\/4982"}],"wp:attachment":[{"href":"https:\/\/cenacle-gen.atelier-rmb.fr\/en\/wp-json\/wp\/v2\/media?parent=4935"}],"curies":[{"name":"wp","href":"https:\/\/api.w.org\/{rel}","templated":true}]}}